{"id":35,"date":"2017-03-19T21:22:36","date_gmt":"2017-03-19T20:22:36","guid":{"rendered":"http:\/\/www.cdmjsea95.org\/?page_id=35"},"modified":"2017-07-03T12:20:38","modified_gmt":"2017-07-03T10:20:38","slug":"reglement","status":"publish","type":"page","link":"http:\/\/www.cdmjsea95.org\/?page_id=35","title":{"rendered":"R\u00e9glement"},"content":{"rendered":"<h5><strong>R\u00c9GLEMENT INT\u00c9RIEUR du CDMJSEA95 \u00a0&#8211; 16 f\u00e9vrier 2008 &#8211;<\/strong><\/h5>\n<p>F\u00c9D\u00c9RATION FRAN\u00c7AISE des M\u00c9DAILLES de la JEUNESSE et des SPORTS<br \/>\nCOMIT\u00c9 D\u00c9PARTEMENTAL DU VAL D&rsquo;OISE<\/p>\n<p>R\u00e8glement Int\u00e9rieur<br \/>\nLe document annule et remplace la pr\u00e9c\u00e9dente \u00e9dition<\/p>\n<p style=\"text-align: left;\">TITRE I : Modalit\u00e9s.<br \/>\nArticle 1 : Organisation administrative<br \/>\nLes Cercles, associations r\u00e9gies par la loi du 1\/07\/1901 continuent \u00e0 fonctionner conform\u00e9ment \u00e0 leurs statuts.<br \/>\nD\u00e9sormais, seule la cr\u00e9ation de secteurs dont le fonctionnement est d\u00e9fini par un r\u00e8glement \u00e9labor\u00e9 par l\u2019instance\u00a0dirigeante est autoris\u00e9e. Chaque Cercle, doit d\u00e9poser ses statuts aupr\u00e8s du Comit\u00e9 d\u00e9partemental, ainsi que la\u00a0composition de son Conseil d\u2019administration dont le Pr\u00e9sident, le Secr\u00e9taire et le Tr\u00e9sorier d\u00e9partemental sont\u00a0membres de droit, De m\u00eame, il fournit chaque ann\u00e9e au Comit\u00e9 d\u00e9partemental, le compte rendu de leur assembl\u00e9e\u00a0g\u00e9n\u00e9rale, le rapport moral et le rapport financier de chaque exercice. Pour \u00eatre en conformit\u00e9 avec la F\u00e9d\u00e9ration et la\u00a0Direction Jeunesse &amp; sports, le CDMJS ne peut plus autoriser la cr\u00e9ation de nouveaux Cercles, mais des secteurs qui\u00a0seront sous la tutelle du Comit\u00e9&#8230; <a href=\"http:\/\/www.cdmjsea95.org\/wp-content\/uploads\/2017\/06\/REGLEMENT-INTER-13022016.pdf\" target=\"_blank\" rel=\"noopener\">\u00a0(lire la suite)<\/a><\/p>\n","protected":false},"excerpt":{"rendered":"<p>R\u00c9GLEMENT INT\u00c9RIEUR du CDMJSEA95 \u00a0&#8211; 16 f\u00e9vrier 2008 &#8211; F\u00c9D\u00c9RATION FRAN\u00c7AISE des M\u00c9DAILLES de la JEUNESSE et des SPORTS COMIT\u00c9 D\u00c9PARTEMENTAL DU VAL D&rsquo;OISE R\u00e8glement Int\u00e9rieur Le document annule et remplace la pr\u00e9c\u00e9dente \u00e9dition TITRE I : Modalit\u00e9s. Article 1 : Organisation administrative Les Cercles, associations r\u00e9gies par la loi du 1\/07\/1901 continuent \u00e0 fonctionner [&hellip;]<\/p>\n","protected":false},"author":1,"featured_media":0,"parent":0,"menu_order":0,"comment_status":"closed","ping_status":"closed","template":"","meta":{"footnotes":""},"class_list":["post-35","page","type-page","status-publish","hentry"],"_links":{"self":[{"href":"http:\/\/www.cdmjsea95.org\/index.php?rest_route=\/wp\/v2\/pages\/35","targetHints":{"allow":["GET"]}}],"collection":[{"href":"http:\/\/www.cdmjsea95.org\/index.php?rest_route=\/wp\/v2\/pages"}],"about":[{"href":"http:\/\/www.cdmjsea95.org\/index.php?rest_route=\/wp\/v2\/types\/page"}],"author":[{"embeddable":true,"href":"http:\/\/www.cdmjsea95.org\/index.php?rest_route=\/wp\/v2\/users\/1"}],"replies":[{"embeddable":true,"href":"http:\/\/www.cdmjsea95.org\/index.php?rest_route=%2Fwp%2Fv2%2Fcomments&post=35"}],"version-history":[{"count":4,"href":"http:\/\/www.cdmjsea95.org\/index.php?rest_route=\/wp\/v2\/pages\/35\/revisions"}],"predecessor-version":[{"id":428,"href":"http:\/\/www.cdmjsea95.org\/index.php?rest_route=\/wp\/v2\/pages\/35\/revisions\/428"}],"wp:attachment":[{"href":"http:\/\/www.cdmjsea95.org\/index.php?rest_route=%2Fwp%2Fv2%2Fmedia&parent=35"}],"curies":[{"name":"wp","href":"https:\/\/api.w.org\/{rel}","templated":true}]}}