{"id":4,"date":"2017-03-12T18:19:56","date_gmt":"2017-03-12T17:19:56","guid":{"rendered":"http:\/\/www.cdmjsea95.org\/?page_id=4"},"modified":"2022-01-23T11:49:25","modified_gmt":"2022-01-23T10:49:25","slug":"le-cdmjsea95","status":"publish","type":"page","link":"http:\/\/www.cdmjsea95.org\/?page_id=4","title":{"rendered":"LE CDMJSEA95"},"content":{"rendered":"\n<p class=\"has-text-align-center has-text-color\" style=\"color:#2727cc\"><strong>COMIT\u00c9 D\u00c9PARTEMENTAL DES M\u00c9DAILL\u00c9S DE LA JEUNESSE, DES SPORTS ET DE L&rsquo;ENGAGEMENT ASSOCIATIF DU VAL D&rsquo;OISE<\/strong><\/p>\n\n\n\n<div class=\"wp-block-image\"><figure class=\"aligncenter\"><img loading=\"lazy\" decoding=\"async\" width=\"300\" height=\"247\" src=\"http:\/\/www.cdmjsea95.org\/wp-content\/uploads\/2017\/06\/logocdmjsea95-300x247.png\" alt=\"\" class=\"wp-image-82\"\/><\/figure><\/div>\n\n\n\n<p class=\"has-text-align-center\">106, rue des Bussys   &#8211; 95600 &#8211; EAUBONNE<\/p>\n\n\n\n<p class=\"has-text-align-center\"> cdmjsea95@gmail.com     &#8211;     www.cdmjsea95.org<\/p>\n\n\n\n<p> <\/p>\n","protected":false},"excerpt":{"rendered":"<p>COMIT\u00c9 D\u00c9PARTEMENTAL DES M\u00c9DAILL\u00c9S DE LA JEUNESSE, DES SPORTS ET DE L&rsquo;ENGAGEMENT ASSOCIATIF DU VAL D&rsquo;OISE 106, rue des Bussys &#8211; 95600 &#8211; EAUBONNE cdmjsea95@gmail.com &#8211; www.cdmjsea95.org<\/p>\n","protected":false},"author":1,"featured_media":0,"parent":0,"menu_order":2,"comment_status":"closed","ping_status":"closed","template":"","meta":{"footnotes":""},"class_list":["post-4","page","type-page","status-publish","hentry"],"_links":{"self":[{"href":"http:\/\/www.cdmjsea95.org\/index.php?rest_route=\/wp\/v2\/pages\/4","targetHints":{"allow":["GET"]}}],"collection":[{"href":"http:\/\/www.cdmjsea95.org\/index.php?rest_route=\/wp\/v2\/pages"}],"about":[{"href":"http:\/\/www.cdmjsea95.org\/index.php?rest_route=\/wp\/v2\/types\/page"}],"author":[{"embeddable":true,"href":"http:\/\/www.cdmjsea95.org\/index.php?rest_route=\/wp\/v2\/users\/1"}],"replies":[{"embeddable":true,"href":"http:\/\/www.cdmjsea95.org\/index.php?rest_route=%2Fwp%2Fv2%2Fcomments&post=4"}],"version-history":[{"count":11,"href":"http:\/\/www.cdmjsea95.org\/index.php?rest_route=\/wp\/v2\/pages\/4\/revisions"}],"predecessor-version":[{"id":734,"href":"http:\/\/www.cdmjsea95.org\/index.php?rest_route=\/wp\/v2\/pages\/4\/revisions\/734"}],"wp:attachment":[{"href":"http:\/\/www.cdmjsea95.org\/index.php?rest_route=%2Fwp%2Fv2%2Fmedia&parent=4"}],"curies":[{"name":"wp","href":"https:\/\/api.w.org\/{rel}","templated":true}]}}