{"id":41,"date":"2017-03-19T21:28:06","date_gmt":"2017-03-19T20:28:06","guid":{"rendered":"http:\/\/www.cdmjsea95.org\/?page_id=41"},"modified":"2025-06-01T16:57:39","modified_gmt":"2025-06-01T14:57:39","slug":"agenda","status":"publish","type":"page","link":"http:\/\/www.cdmjsea95.org\/?page_id=41","title":{"rendered":"Agenda du Pr\u00e9sident 2025"},"content":{"rendered":"\n<p><br><strong>JANVIER\u00a0<\/strong><br><strong>9\u00a0\u00a0\u00a0 Travaux bureau<\/strong><br><strong>14\u00a0\u00a0 Travaux bureau \u2013 R\u00e9union Instance dirigeante<\/strong><br><strong>17 <\/strong>  <strong>SDJES \u2013 M\u00e9moires<\/strong><br><strong>18   AG cercle CEVIFS<\/strong><br><strong>23  Travaux bureau \u2013 V\u0153ux CDOS<\/strong><br><strong>25   V\u0153ux et remises m\u00e9dailles et LF \u00e0 La Frette sur Seine<\/strong><br><strong>27\u00a0\u00a0\u00a0Pr\u00e9parations : AG Montsoult et Remise de m\u00e9daille Roissy Orangerie<\/strong><br><br><strong>F\u00c9VRIER\u00a0<\/strong><br><strong>1\u00a0\u00a0\u00a0 AG Cercle Pontoise-Vexin \u00e0 Seraincourt<\/strong> <br><strong>4\u00a0\u00a0\u00a0 Travaux bureau\u00a0<\/strong><br><strong>6\u00a0\u00a0\u00a0 Remise des m\u00e9dailles \u00e0 l\u2019Orangerie \u2013 Roissy-en-France\u00a0<\/strong><br><strong>8\u00a0\u00a0\u00a0 AG cercle Eaubonne et villes avoisinantes\u00a0<\/strong><br><strong>26\u00a0 Travaux bureau \u2013 V\u00e9rification des comptes<\/strong><br><br><strong>MARS<\/strong><br>1   <strong>AG Cercle du Parisis<\/strong><br>4   <strong>Travaux bureau \u2013 pr\u00e9paration AG<\/strong> <br><strong>6\u00a0\u00a0\u00a0SDJES \u2013 d\u00e9pose dossier &#8211; Dipl\u00f4mes<\/strong> <br><strong>8 <\/strong>  <strong>AG du CDMJSEA \u00e0 Montsoult<\/strong> <br><strong>11<\/strong>   <strong>Enghien \u2013 Remise de m\u00e9daille \u2013 RP- JA<\/strong> <br><strong>15   Obs\u00e8ques de Gilbert<\/strong> <br><strong>18<\/strong>   <strong>Travaux bureau \u2013 CD CDMJSEA<\/strong> <br><strong>22   AG CRMJSEA Ile de France \u00e0 Pantin <\/strong><br><strong>28 29 Congr\u00e8s FFMJSEA \u00e0 Vernon<\/strong> (Eure)<br><strong>31<\/strong>    <strong>CD Cercle Pontoise-Vexin<\/strong> <br><br><strong>AVRIL<\/strong><br><strong>7\u00a0\u00a0\u00a0\u00a0\u00a0 Visite de la Salle polyvalente \u2013 du Bois des Fontaines\u00a0\u00a0C\u00e9r\u00e9monie du 19 juin \u00e0 HERBLAY-SUR-SEINE<\/strong> <strong>8\u00a0\u00a0\u00a0\u00a0\u00a0 Travaux bureau<\/strong><br><strong>16    Travaux bureau<\/strong> <br><strong>28    Travaux bureau \u2013 AG CDOS \u00e9lection<\/strong><br><br><strong>MAI<br>6     Travaux bureau &#8211; R\u00e9union Instance Dirigeante<br>13   Remise de m\u00e9dailles IDF Paris<br>17   Ravivage de la Flamme sous l&rsquo;Arc de Triomphe<\/strong><br><br><strong>JUIN<\/strong><br>19   Remise des m\u00e9dailles MJSEA \u00e0 HERBLAY SUR SEINE<br>21   Ravivage de la flamme sous l&rsquo;Arc de Triomphe CRMJSEA<\/p>\n\n\n\n<p><\/p>\n\n\n\n<p><\/p>\n","protected":false},"excerpt":{"rendered":"<p>JANVIER\u00a09\u00a0\u00a0\u00a0 Travaux bureau14\u00a0\u00a0 Travaux bureau \u2013 R\u00e9union Instance dirigeante17 SDJES \u2013 M\u00e9moires18 AG cercle CEVIFS23 Travaux bureau \u2013 V\u0153ux CDOS25 V\u0153ux et remises m\u00e9dailles et LF \u00e0 La Frette sur Seine27\u00a0\u00a0\u00a0Pr\u00e9parations : AG Montsoult et Remise de m\u00e9daille Roissy Orangerie F\u00c9VRIER\u00a01\u00a0\u00a0\u00a0 AG Cercle Pontoise-Vexin \u00e0 Seraincourt 4\u00a0\u00a0\u00a0 Travaux bureau\u00a06\u00a0\u00a0\u00a0 Remise des m\u00e9dailles \u00e0 l\u2019Orangerie \u2013 [&hellip;]<\/p>\n","protected":false},"author":1,"featured_media":0,"parent":0,"menu_order":0,"comment_status":"closed","ping_status":"closed","template":"","meta":{"footnotes":""},"class_list":["post-41","page","type-page","status-publish","hentry"],"_links":{"self":[{"href":"http:\/\/www.cdmjsea95.org\/index.php?rest_route=\/wp\/v2\/pages\/41","targetHints":{"allow":["GET"]}}],"collection":[{"href":"http:\/\/www.cdmjsea95.org\/index.php?rest_route=\/wp\/v2\/pages"}],"about":[{"href":"http:\/\/www.cdmjsea95.org\/index.php?rest_route=\/wp\/v2\/types\/page"}],"author":[{"embeddable":true,"href":"http:\/\/www.cdmjsea95.org\/index.php?rest_route=\/wp\/v2\/users\/1"}],"replies":[{"embeddable":true,"href":"http:\/\/www.cdmjsea95.org\/index.php?rest_route=%2Fwp%2Fv2%2Fcomments&post=41"}],"version-history":[{"count":19,"href":"http:\/\/www.cdmjsea95.org\/index.php?rest_route=\/wp\/v2\/pages\/41\/revisions"}],"predecessor-version":[{"id":1518,"href":"http:\/\/www.cdmjsea95.org\/index.php?rest_route=\/wp\/v2\/pages\/41\/revisions\/1518"}],"wp:attachment":[{"href":"http:\/\/www.cdmjsea95.org\/index.php?rest_route=%2Fwp%2Fv2%2Fmedia&parent=41"}],"curies":[{"name":"wp","href":"https:\/\/api.w.org\/{rel}","templated":true}]}}