{"id":53,"date":"2017-03-19T21:30:01","date_gmt":"2017-03-19T20:30:01","guid":{"rendered":"http:\/\/www.cdmjsea95.org\/?page_id=53"},"modified":"2024-12-26T19:35:17","modified_gmt":"2024-12-26T18:35:17","slug":"les-echos","status":"publish","type":"page","link":"http:\/\/www.cdmjsea95.org\/?page_id=53","title":{"rendered":"LES \u00ab\u00a0\u00c9CHOS\u00a0\u00bb"},"content":{"rendered":"\n<p><\/p>\n\n\n<h1 style=\"text-align: center;\"><strong>\u00ab\u00a0LES \u00c9CHOS\u00a0\u00bb depuis la cr\u00e9ation du journal<\/strong><\/h1>\n<p>(Cliquer sur le N\u00b0 que vous d\u00e9sirez t\u00e9l\u00e9charger)<\/p>\n<p><a href=\"https:\/\/drive.google.com\/open?id=0BwrIH4A5b1OSbXZIMFFoQ2xwWDg\" target=\"_blank\" rel=\"noopener noreferrer\">N\u00b01 Novembre 1996<\/a> \u00a0 \u00a0 \u00a0 \u00a0 \u00a0 \u00a0 \u00a0 \u00a0<a href=\"https:\/\/drive.google.com\/open?id=0BwrIH4A5b1OSQjduMFV0V2J6UFk\" target=\"_blank\" rel=\"noopener noreferrer\">N\u00b02 Avril 1997<\/a> \u00a0 \u00a0 \u00a0 \u00a0 \u00a0 \u00a0 \u00a0 \u00a0 \u00a0 \u00a0<a href=\"https:\/\/drive.google.com\/open?id=0BwrIH4A5b1OSYTJWV3BZcGwyYWs\" target=\"_blank\" rel=\"noopener noreferrer\">N\u00b03 Octobre 1997<\/a><\/p>\n<p><a href=\"https:\/\/drive.google.com\/open?id=0BwrIH4A5b1OSWHh2RmJZNkN4U0E\" target=\"_blank\" rel=\"noopener noreferrer\">N\u00b04 F\u00e9vrier 1998<\/a> \u00a0 \u00a0 \u00a0 \u00a0 \u00a0 \u00a0 \u00a0 \u00a0 \u00a0 \u00a0 <a href=\"https:\/\/drive.google.com\/open?id=0BwrIH4A5b1OST2x5a3pRRlJDMUE\" target=\"_blank\" rel=\"noopener noreferrer\">N\u00b05 Octobre 1998<\/a> \u00a0 \u00a0 \u00a0 \u00a0 \u00a0 \u00a0 \u00a0<a href=\"https:\/\/drive.google.com\/open?id=0BwrIH4A5b1OSZEVzSk84Z01SN00\" target=\"_blank\" rel=\"noopener noreferrer\">N\u00b06 Juillet 1999<\/a><\/p>\n<p><a href=\"https:\/\/drive.google.com\/open?id=0BwrIH4A5b1OSSDFmLUlnYTdGS0k\" target=\"_blank\" rel=\"noopener noreferrer\">N\u00b07 Avril 2000<\/a> \u00a0 \u00a0 \u00a0 \u00a0 \u00a0 \u00a0 \u00a0 \u00a0 \u00a0 \u00a0 \u00a0 \u00a0<a href=\"https:\/\/drive.google.com\/open?id=0BwrIH4A5b1OSUnM4MHpCTmJqYXM\" target=\"_blank\" rel=\"noopener noreferrer\">N\u00b08 Novembre 2000<\/a> \u00a0 \u00a0 \u00a0 \u00a0 <a href=\"https:\/\/drive.google.com\/open?id=0BwrIH4A5b1OSenVxa05wd1JGTVk\" target=\"_blank\" rel=\"noopener noreferrer\">N\u00b09 Janvier 2001<\/a><\/p>\n<p><a href=\"https:\/\/drive.google.com\/open?id=0BwrIH4A5b1OSVi1TVmVBdFNjbFU\" target=\"_blank\" rel=\"noopener noreferrer\">N\u00b010 Juin 2001<\/a> \u00a0 \u00a0 \u00a0 \u00a0 \u00a0 \u00a0 \u00a0 \u00a0 \u00a0 \u00a0 \u00a0 \u00a0<a href=\"https:\/\/drive.google.com\/open?id=0BwrIH4A5b1OSdHVpcEJoTXFsS00\" target=\"_blank\" rel=\"noopener noreferrer\">N\u00b011 Novembre 2001<\/a> \u00a0 \u00a0 \u00a0 \u00a0<a href=\"https:\/\/drive.google.com\/open?id=0BwrIH4A5b1OSd0RmdnREVU91bnM\" target=\"_blank\" rel=\"noopener noreferrer\">N\u00b012 Mai 2002<\/a><\/p>\n<p><a href=\"https:\/\/drive.google.com\/open?id=0BwrIH4A5b1OSSW9sX2Q1MHdxSlE\" target=\"_blank\" rel=\"noopener noreferrer\">N\u00b013 Novembre 2002<\/a> \u00a0 \u00a0 \u00a0 \u00a0 \u00a0 \u00a0<a href=\"https:\/\/drive.google.com\/open?id=0BwrIH4A5b1OSUnRyaklzN1F5R3M\" target=\"_blank\" rel=\"noopener noreferrer\">N\u00b014 Mars 2003<\/a> \u00a0 \u00a0 \u00a0 \u00a0 \u00a0 \u00a0 \u00a0 \u00a0 <a href=\"https:\/\/drive.google.com\/open?id=0BwrIH4A5b1OSWHl1bENLNk9NOFU\" target=\"_blank\" rel=\"noopener noreferrer\">N\u00b015 Ao\u00fbt 2003<\/a><\/p>\n<p><a href=\"https:\/\/drive.google.com\/open?id=0BwrIH4A5b1OSR2VER05fRHhVOGs\" target=\"_blank\" rel=\"noopener noreferrer\">N\u00b016 D\u00e9cembre 2003<\/a> \u00a0 \u00a0 \u00a0 \u00a0 \u00a0 \u00a0 <a href=\"https:\/\/drive.google.com\/open?id=0BwrIH4A5b1OSVXg2Q3RRR2ZDN1U\" target=\"_blank\" rel=\"noopener noreferrer\">N\u00b017 Mars 2004<\/a> \u00a0 \u00a0 \u00a0 \u00a0 \u00a0 \u00a0 \u00a0 \u00a0<a href=\"https:\/\/drive.google.com\/open?id=0BwrIH4A5b1OSMWhjOFBHaVBsa2c\" target=\"_blank\" rel=\"noopener noreferrer\"> N\u00b018 Juin 2004<\/a><\/p>\n<p><a href=\"https:\/\/drive.google.com\/open?id=0BwrIH4A5b1OSNXJUZmFPeEI3c2s\" target=\"_blank\" rel=\"noopener noreferrer\">N\u00b019 D\u00e9cembre 2004<\/a> \u00a0 \u00a0 \u00a0 \u00a0 \u00a0 \u00a0 <a href=\"https:\/\/drive.google.com\/open?id=0BwrIH4A5b1OSQ0dPbDBabVdJY2M\" target=\"_blank\" rel=\"noopener noreferrer\">N\u00b020 Mai 2005<\/a> \u00a0 \u00a0 \u00a0 \u00a0 \u00a0 \u00a0 \u00a0 \u00a0 \u00a0 <a href=\"https:\/\/drive.google.com\/open?id=0BwrIH4A5b1OSWjJ0ZjI5bks5dkU\" target=\"_blank\" rel=\"noopener noreferrer\">N\u00b021 Novembre 2005<\/a><\/p>\n<p><a href=\"https:\/\/drive.google.com\/open?id=0BwrIH4A5b1OScWpDdE9LbXRrTXc\" target=\"_blank\" rel=\"noopener noreferrer\">N\u00b023 Juillet 2006<\/a> \u00a0 \u00a0 \u00a0 \u00a0 \u00a0 \u00a0 \u00a0 \u00a0 \u00a0 <a href=\"https:\/\/drive.google.com\/open?id=0BwrIH4A5b1OSRUlrYkYzUVBxbm8\" target=\"_blank\" rel=\"noopener noreferrer\">N\u00b024 Janvier 2007<\/a> \u00a0 \u00a0 \u00a0 \u00a0 \u00a0 \u00a0 <a href=\"https:\/\/drive.google.com\/open?id=0BwrIH4A5b1OSZ191R3Y3ZHh1WGM\" target=\"_blank\" rel=\"noopener noreferrer\">N\u00b025 Juillet 2007<\/a><\/p>\n<p><a href=\"https:\/\/drive.google.com\/open?id=0BwrIH4A5b1OSank5QTZkRHVDaVU\" target=\"_blank\" rel=\"noopener noreferrer\">N\u00b025 bis F\u00e9vrier 2008<\/a> \u00a0 \u00a0 \u00a0 \u00a0 \u00a0 <a href=\"https:\/\/drive.google.com\/open?id=0BwrIH4A5b1OSSlZwa3BkRXJqQWM\" target=\"_blank\" rel=\"noopener noreferrer\">N\u00b026 Juillet 2008<\/a> \u00a0 \u00a0 \u00a0 \u00a0 \u00a0 \u00a0 \u00a0 <a href=\"https:\/\/drive.google.com\/open?id=0BwrIH4A5b1OSbENuRE5JUzg5Szg\" target=\"_blank\" rel=\"noopener noreferrer\">N\u00b027 D\u00e9cembre 2009<\/a><\/p>\n<p><a href=\"https:\/\/drive.google.com\/open?id=0BwrIH4A5b1OSYUFBaXV0ajY3WUE\" target=\"_blank\" rel=\"noopener noreferrer\">N\u00b028 Mars 2010<\/a> \u00a0 \u00a0 \u00a0 \u00a0 \u00a0 \u00a0 \u00a0 \u00a0 \u00a0 \u00a0 \u00a0<a href=\"https:\/\/drive.google.com\/open?id=0BwrIH4A5b1OSNEM2RElHR2JJdms\" target=\"_blank\" rel=\"noopener noreferrer\">N\u00b029 Septembre 2010<\/a> \u00a0 \u00a0 \u00a0 <a href=\"https:\/\/drive.google.com\/open?id=0BwrIH4A5b1OSYmUwS29QU0dNZTA\" target=\"_blank\" rel=\"noopener noreferrer\">N\u00b030 D\u00e9cembre 2010<\/a><\/p>\n<p><a href=\"https:\/\/drive.google.com\/open?id=0BwrIH4A5b1OSWXAxdm5pWHFiYjQ\" target=\"_blank\" rel=\"noopener noreferrer\">N\u00b031 Avril 2011<\/a> \u00a0 \u00a0 \u00a0 \u00a0 \u00a0 \u00a0 \u00a0 \u00a0 \u00a0 \u00a0 \u00a0 \u00a0<a href=\"https:\/\/drive.google.com\/open?id=0BwrIH4A5b1OSNGpGd1E2eGhvQUU\" target=\"_blank\" rel=\"noopener noreferrer\">N\u00b032 Juillet 2011<\/a> \u00a0 \u00a0 \u00a0 \u00a0 \u00a0 \u00a0 \u00a0 \u00a0<a href=\"https:\/\/drive.google.com\/open?id=0BwrIH4A5b1OSa2I4Zi1NenFqT2M\" target=\"_blank\" rel=\"noopener noreferrer\">N\u00b033 D\u00e9cembre 2011<\/a><\/p>\n<p><a href=\"https:\/\/drive.google.com\/open?id=0BwrIH4A5b1OSSUtuWEJqSzY0LUU\" target=\"_blank\" rel=\"noopener noreferrer\">N\u00b034 Avril 2012<\/a> \u00a0 \u00a0 \u00a0 \u00a0 \u00a0 \u00a0 \u00a0 \u00a0 \u00a0 \u00a0 \u00a0 <a href=\"https:\/\/drive.google.com\/open?id=0BwrIH4A5b1OSUmIzWTVTbUg0aFU\" target=\"_blank\" rel=\"noopener noreferrer\">N\u00b035 Septembre 2012<\/a> \u00a0 \u00a0 \u00a0 <a href=\"https:\/\/drive.google.com\/open?id=0BwrIH4A5b1OSSlVqc2Q5WjRVMG8\" target=\"_blank\" rel=\"noopener noreferrer\">N\u00b036 F\u00e9vrier 2013<\/a><\/p>\n<p><a href=\"https:\/\/drive.google.com\/open?id=0BwrIH4A5b1OSdWhfdTllQ3VYcTg\" target=\"_blank\" rel=\"noopener noreferrer\">N\u00b037 Avril 2013<\/a> \u00a0 \u00a0 \u00a0 \u00a0 \u00a0 \u00a0 \u00a0 \u00a0 \u00a0 \u00a0 \u00a0 <a href=\"https:\/\/drive.google.com\/open?id=0BwrIH4A5b1OSUkhXOXdSRnNwazQ\" target=\"_blank\" rel=\"noopener noreferrer\">N\u00b038 Septembre 2013<\/a> \u00a0 \u00a0 \u00a0 <a href=\"https:\/\/drive.google.com\/open?id=0BwrIH4A5b1OSc1h4aGtNbGdNYXM\" target=\"_blank\" rel=\"noopener noreferrer\">N\u00b039 D\u00e9cembre 2013<\/a><\/p>\n<p><a href=\"https:\/\/drive.google.com\/open?id=0BwrIH4A5b1OScEFnTWdTWlBuRFk\" target=\"_blank\" rel=\"noopener noreferrer\">N\u00b040 Avril 2014<\/a> \u00a0 \u00a0 \u00a0 \u00a0 \u00a0 \u00a0 \u00a0 \u00a0 \u00a0 \u00a0 \u00a0 <a href=\"https:\/\/drive.google.com\/open?id=0BwrIH4A5b1OSaDFRTm9vaGxPMGs\" target=\"_blank\" rel=\"noopener noreferrer\">N\u00b041 Septembre 2014<\/a> \u00a0 \u00a0 \u00a0 <a href=\"https:\/\/drive.google.com\/open?id=0BwrIH4A5b1OSdjZTYmctd2NXMGc\" target=\"_blank\" rel=\"noopener noreferrer\">N\u00b042 Janvier 2015<\/a><\/p>\n<p><a href=\"https:\/\/drive.google.com\/open?id=0BwrIH4A5b1OSRGFjcmRnQ0h0NVk\" target=\"_blank\" rel=\"noopener noreferrer\">N\u00b043 Juin 2015<\/a> \u00a0 \u00a0 \u00a0 \u00a0 \u00a0 \u00a0 \u00a0 \u00a0 \u00a0 \u00a0 \u00a0 \u00a0<a href=\"https:\/\/drive.google.com\/open?id=0BwrIH4A5b1OSR19TWngtRWZqc0E\" target=\"_blank\" rel=\"noopener noreferrer\">N\u00b044 Novembre 2015<\/a> \u00a0 \u00a0 \u00a0 \u00a0<a href=\"https:\/\/drive.google.com\/open?id=0BwrIH4A5b1OSNEVCNWpIOF9nNEk\" target=\"_blank\" rel=\"noopener noreferrer\">N\u00b045 Janvier 2016<\/a><\/p>\n<p><a href=\"https:\/\/drive.google.com\/open?id=0BwrIH4A5b1OSTGptRkJ4M3ZtbFE\" target=\"_blank\" rel=\"noopener noreferrer\">N\u00b046 Mai 2016<\/a> \u00a0 \u00a0 \u00a0 \u00a0 \u00a0 \u00a0 \u00a0 \u00a0 \u00a0 \u00a0 \u00a0 \u00a0 <a href=\"https:\/\/drive.google.com\/open?id=0BwrIH4A5b1OSUFVaMDZBdVpvbmM\" target=\"_blank\" rel=\"noopener noreferrer\">N\u00b047 Octobre 2016<\/a> \u00a0 \u00a0 \u00a0 \u00a0 \u00a0 \u00a0<a href=\"https:\/\/drive.google.com\/open?id=0BwrIH4A5b1OSdWI5NlFUak5CSDQ\" target=\"_blank\" rel=\"noopener noreferrer\">N\u00b048 Janvier 2017\u00a0<\/a><\/p>\n<p><a href=\"https:\/\/drive.google.com\/open?id=1TKKa6ZxIIMgyYxwcsQBhUtjK9sfWFLno\">N\u00b049 Mai 2017<\/a> \u00a0 \u00a0 \u00a0 \u00a0 \u00a0 \u00a0 \u00a0 \u00a0 \u00a0 \u00a0 \u00a0 \u00a0 <a href=\"https:\/\/drive.google.com\/open?id=1GIDqEH5ERJ_hXgoc3usaSVa6oQeFkuG_\" target=\"_blank\" rel=\"noopener noreferrer\">N\u00b050 Novembre 2017<\/a>\u00a0 \u00a0 \u00a0 \u00a0 <a href=\"https:\/\/drive.google.com\/open?id=1aBf7bMVEC8-U7vfloH11d-UUqCTttqw5\" target=\"_blank\" rel=\"noopener noreferrer\">N\u00b051 Mai 2018<\/a><\/p>\n<p style=\"text-align: left;\"><a href=\"https:\/\/drive.google.com\/file\/d\/1TT0SuJl-KhlM56VE9BjXGmKof9Qezgs4\/view?usp=sharing\" target=\"_blank\" rel=\"noopener noreferrer\">N\u00b052 Janvier 2019\u00a0<\/a>\u00a0\u00a0\u00a0\u00a0\u00a0\u00a0\u00a0\u00a0\u00a0\u00a0\u00a0\u00a0\u00a0\u00a0\u00a0\u00a0<a href=\"https:\/\/drive.google.com\/open?id=119YlhHk5I9FPmoSREc0Auzh6nfPzUk_B\" target=\"_blank\" rel=\"noopener noreferrer\"> N\u00b053 F\u00e9vrier 2019<\/a><span style=\"color: #0000ff;\">\u00a0 \u00a0 \u00a0 \u00a0 \u00a0 \u00a0 \u00a0 \u00a0 \u00a0<a href=\"https:\/\/drive.google.com\/open?id=1eE1HdC_vB-5hgwhlzevEBPi5VrtRvf4U\" target=\"_blank\" rel=\"noopener\">N\u00b054 f\u00e9vrier 2020<\/a><\/span><\/p>\n<p style=\"text-align: left;\"><a href=\"https:\/\/drive.google.com\/file\/d\/1jlYQB4XbdPx9iFba3D9r1j2Q2ER7KzU9\/view?usp=sharing\"><span style=\"color: #3366ff;\">N\u00b0 55 juillet<\/span><\/a><span style=\"color: #3366ff;\">2020 \u00a0 \u00a0 \u00a0 \u00a0 \u00a0 \u00a0 \u00a0 \u00a0 \u00a0 \u00a0<\/span><a href=\"https:\/\/drive.google.com\/file\/d\/1XcHkKpsoECNR8eRNg-zRKjTY8PxCBq6p\/view?usp=sharing\">N\u00b056 Juillet 2022<\/a><\/p>\n<h2 style=\"text-align: center;\"><a href=\"https:\/\/drive.google.com\/file\/d\/1TbLx65IFvt_OACh3KCHoT6HdG6bVWLa4\/view?usp=sharing\"><strong>N\u00b057 D\u00e9cembre 2024<\/strong><\/a><\/h2>","protected":false},"excerpt":{"rendered":"<p>\u00ab\u00a0LES \u00c9CHOS\u00a0\u00bb depuis la cr\u00e9ation du journal (Cliquer sur le N\u00b0 que vous d\u00e9sirez t\u00e9l\u00e9charger) N\u00b01 Novembre 1996 \u00a0 \u00a0 \u00a0 \u00a0 \u00a0 \u00a0 \u00a0 \u00a0N\u00b02 Avril 1997 \u00a0 \u00a0 \u00a0 \u00a0 \u00a0 \u00a0 \u00a0 \u00a0 \u00a0 \u00a0N\u00b03 Octobre 1997 N\u00b04 F\u00e9vrier 1998 \u00a0 \u00a0 \u00a0 \u00a0 \u00a0 \u00a0 \u00a0 \u00a0 \u00a0 \u00a0 N\u00b05 Octobre [&hellip;]<\/p>\n","protected":false},"author":1,"featured_media":0,"parent":0,"menu_order":0,"comment_status":"closed","ping_status":"closed","template":"","meta":{"footnotes":""},"class_list":["post-53","page","type-page","status-publish","hentry"],"_links":{"self":[{"href":"http:\/\/www.cdmjsea95.org\/index.php?rest_route=\/wp\/v2\/pages\/53","targetHints":{"allow":["GET"]}}],"collection":[{"href":"http:\/\/www.cdmjsea95.org\/index.php?rest_route=\/wp\/v2\/pages"}],"about":[{"href":"http:\/\/www.cdmjsea95.org\/index.php?rest_route=\/wp\/v2\/types\/page"}],"author":[{"embeddable":true,"href":"http:\/\/www.cdmjsea95.org\/index.php?rest_route=\/wp\/v2\/users\/1"}],"replies":[{"embeddable":true,"href":"http:\/\/www.cdmjsea95.org\/index.php?rest_route=%2Fwp%2Fv2%2Fcomments&post=53"}],"version-history":[{"count":26,"href":"http:\/\/www.cdmjsea95.org\/index.php?rest_route=\/wp\/v2\/pages\/53\/revisions"}],"predecessor-version":[{"id":1379,"href":"http:\/\/www.cdmjsea95.org\/index.php?rest_route=\/wp\/v2\/pages\/53\/revisions\/1379"}],"wp:attachment":[{"href":"http:\/\/www.cdmjsea95.org\/index.php?rest_route=%2Fwp%2Fv2%2Fmedia&parent=53"}],"curies":[{"name":"wp","href":"https:\/\/api.w.org\/{rel}","templated":true}]}}