{"id":62,"date":"2017-03-19T21:31:13","date_gmt":"2017-03-19T20:31:13","guid":{"rendered":"http:\/\/www.cdmjsea95.org\/?page_id=62"},"modified":"2026-02-25T12:39:35","modified_gmt":"2026-02-25T11:39:35","slug":"medaille-ministerielle","status":"publish","type":"page","link":"http:\/\/www.cdmjsea95.org\/?page_id=62","title":{"rendered":"M\u00e9daille Minist\u00e9rielle"},"content":{"rendered":"<div class=\"wp-block-image is-resized\">\n<figure class=\"aligncenter size-large\"><img loading=\"lazy\" decoding=\"async\" width=\"1024\" height=\"558\" src=\"http:\/\/www.cdmjsea95.org\/wp-content\/uploads\/2023\/02\/medailles-jsea-jpg-27526-1024x558.jpg\" alt=\"\" class=\"wp-image-974\" srcset=\"http:\/\/www.cdmjsea95.org\/wp-content\/uploads\/2023\/02\/medailles-jsea-jpg-27526-1024x558.jpg 1024w, http:\/\/www.cdmjsea95.org\/wp-content\/uploads\/2023\/02\/medailles-jsea-jpg-27526-300x163.jpg 300w, http:\/\/www.cdmjsea95.org\/wp-content\/uploads\/2023\/02\/medailles-jsea-jpg-27526-768x418.jpg 768w, http:\/\/www.cdmjsea95.org\/wp-content\/uploads\/2023\/02\/medailles-jsea-jpg-27526.jpg 1340w\" sizes=\"auto, (max-width: 1024px) 100vw, 1024px\" \/><figcaption class=\"wp-element-caption\">M\u00e9daille de bronze &#8212;-M\u00e9daille d&rsquo;argent &#8212;&#8212;M\u00e9daille d&rsquo;or<\/figcaption><\/figure>\n<\/div>\n\n\n<p>La M\u00e9daille de la Jeunesse, des Sports et de l&rsquo;engagement associatif est destin\u00e9e \u00e0 r\u00e9compenser les personnes qui se sont distingu\u00e9es d\u2019une mani\u00e8re particuli\u00e8rement honorable au service :<\/p>\n\n\n\n<ul class=\"wp-block-list\">\n<li>de l\u2019\u00e9ducation physique et des sports,<\/li>\n\n\n\n<li>des mouvements de jeunesse,<\/li>\n\n\n\n<li>des activit\u00e9s socio-\u00e9ducatives et culturelles,<\/li>\n\n\n\n<li>des colonies de vacances et \u0153uvre de plein air<\/li>\n<\/ul>\n\n\n\n<p class=\"has-text-align-center\"><strong>3 \u00e9chelons<\/strong>&nbsp;: BRONZE \/ ARGENT \/ OR et Lettre de F\u00e9licitations.<\/p>\n\n\n\n<h4 class=\"wp-block-heading has-text-align-center\">Proc\u00e9dure d&rsquo;obtention<\/h4>\n\n\n\n<p>Le principe fondamental exige : que tout Membre d&rsquo;une Association Sportive ou non Sportive a le droit d&rsquo;en faire la demande.<\/p>\n\n\n\n<p>Pour les clubs, le M\u00e9moire est d\u00e9pos\u00e9 en mairie.<\/p>\n\n\n\n<p>Le citoyen peut s&rsquo;adresser \u00e0 une Personnalit\u00e9 \u00e9lue de son choix :<\/p>\n\n\n\n<ul class=\"wp-block-list\">\n<li>Conseiller D\u00e9partemental<\/li>\n\n\n\n<li>Conseiller R\u00e9gional<\/li>\n\n\n\n<li>D\u00e9put\u00e9, S\u00e9nateur, voir Ministre dans le cadre de sa corporation professionnelle<\/li>\n\n\n\n<li>Les F\u00e9d\u00e9rations sportives peuvent, par le biais de leurs Organismes : D\u00e9centralis\u00e9s ou D\u00e9concentr\u00e9s, transmettre ces M\u00e9moires.<\/li>\n<\/ul>\n\n\n\n<p>L&rsquo;ensemble de ces M\u00e9moires est recueilli et analys\u00e9 par le Service D\u00e9partemental \u00e0 la Jeunesse, \u00e0 l&rsquo;Engagement et aux sports. (SDJES)<\/p>\n\n\n\n<p>En fonction du quota d\u00e9partemental, une liste est dress\u00e9e puis soumise au Pr\u00e9fet pour les trois niveaux, Bronze, Argent et Or.<\/p>\n\n\n\n<p>Le Pr\u00e9fet transmet les m\u00e9moires, Or et Argent, au Ministre des Sports, de la Jeunesse et de la Vie Associative.<\/p>\n\n\n\n<p>L&rsquo;attribution du niveau Bronze est l&rsquo;une des ses pr\u00e9rogatives.<\/p>\n\n\n\n<h4 class=\"wp-block-heading has-text-align-center\">LETTRE DE F\u00c9LICITATIONS<\/h4>\n\n\n<div class=\"wp-block-image is-resized\">\n<figure class=\"aligncenter size-full\"><img loading=\"lazy\" decoding=\"async\" width=\"189\" height=\"267\" src=\"http:\/\/www.cdmjsea95.org\/wp-content\/uploads\/2023\/02\/Lettre-de-felicitations.jpg\" alt=\"\" class=\"wp-image-973\"\/><\/figure>\n<\/div>\n\n\n<p>Il existe la lettre de f\u00e9licitations pour r\u00e9compenser les Jeunes ( \u00e0 partir de +15ans) et pour ceux qui n&rsquo;ont pas les conditions pour l&rsquo;obtention d&rsquo;une m\u00e9daille de bronze.<\/p>\n\n\n\n<h4 class=\"wp-block-heading has-text-align-center has-black-color has-pale-cyan-blue-background-color has-text-color has-background\">DEMANDE DE M\u00c9DAILLE DE LA JEUNESSE, DES SPORTS ET DE L&rsquo;ENGAGEMENT ASSOCIATIF<\/h4>\n\n\n\n<p><strong>CONDITIONS et PROC\u00c9DURES<\/strong><\/p>\n\n\n\n<p>Les conditions sont les suivantes\n:<\/p>\n\n\n\n<ul class=\"wp-block-list\">\n<li>\u00eatre\nmajeur, <\/li>\n\n\n\n<li>\u00eatre\ndomicili\u00e9 dans le d\u00e9partement du Val-d\u2019Oise&nbsp;\n(m\u00e9daille de niveau d\u00e9partemental) ou de la r\u00e9gion Ile-de-France\n(m\u00e9daille de niveau r\u00e9gional)<\/li>\n\n\n\n<li>r\u00e9unir\nles conditions d\u2019anciennet\u00e9 suivantes :<\/li>\n<\/ul>\n\n\n\n<figure class=\"wp-block-table\"><table><tbody><tr><td>   <strong>M\u00e9daille de Bronze                                                                                        <\/strong><\/td><td>   6 ann\u00e9es d\u2019anciennet\u00e9 au service de la&nbsp; cause de la Jeunesse, des sports et de l\u2019engagement   associatif.                                                        <\/td><\/tr><tr><td>   <strong>M\u00e9daille d\u2019Argent<\/strong> <\/td><td>   10 ann\u00e9es d\u2019anciennet\u00e9 dont 4 ans dans         l\u2019\u00e9chelon Bronze.<br>   <\/td><\/tr><tr><td>   <strong>M\u00e9daille d\u2019Or<\/strong><\/td><td>   15 ann\u00e9es d\u2019anciennet\u00e9 dont 5 ans dans        l\u2019\u00e9chelon Argent.   <\/td><\/tr><\/tbody><\/table><\/figure>\n\n\n<h3 style=\"text-align: left;\"><span style=\"color: #0000ff;\"><strong>La promotion d\u2019un \u00e9chelon \u00e0 l\u2019autre n\u2019est pas automatique, elle suppose la persistance d\u2019activit\u00e9s non encore&#8230;&#8230;&#8230;.<a href=\"http:\/\/www.cdmjsea95.org\/wp-content\/uploads\/2023\/02\/ProcedureMemoire-MJSEA.pdf\" target=\"_blank\" rel=\"noopener\">lire la suite<\/a><\/strong><\/span><\/h3>\n<p><!--more--><\/p>\n<hr \/>\n\n\n<figure data-wp-context=\"{&quot;imageId&quot;:&quot;69f0f50316948&quot;}\" data-wp-interactive=\"core\/image\" data-wp-key=\"69f0f50316948\" class=\"wp-block-image size-large is-resized wp-lightbox-container\"><img loading=\"lazy\" decoding=\"async\" width=\"724\" height=\"1024\" data-wp-class--hide=\"state.isContentHidden\" data-wp-class--show=\"state.isContentVisible\" data-wp-init=\"callbacks.setButtonStyles\" data-wp-on--click=\"actions.showLightbox\" data-wp-on--load=\"callbacks.setButtonStyles\" data-wp-on-window--resize=\"callbacks.setButtonStyles\" src=\"http:\/\/www.cdmjsea95.org\/wp-content\/uploads\/2023\/11\/Memoire_de_proposition1-724x1024.png\" alt=\"\" class=\"wp-image-1094\" style=\"width:189px;height:auto\" srcset=\"http:\/\/www.cdmjsea95.org\/wp-content\/uploads\/2023\/11\/Memoire_de_proposition1-724x1024.png 724w, http:\/\/www.cdmjsea95.org\/wp-content\/uploads\/2023\/11\/Memoire_de_proposition1-212x300.png 212w, http:\/\/www.cdmjsea95.org\/wp-content\/uploads\/2023\/11\/Memoire_de_proposition1-768x1087.png 768w, http:\/\/www.cdmjsea95.org\/wp-content\/uploads\/2023\/11\/Memoire_de_proposition1-1086x1536.png 1086w, http:\/\/www.cdmjsea95.org\/wp-content\/uploads\/2023\/11\/Memoire_de_proposition1-1447x2048.png 1447w, http:\/\/www.cdmjsea95.org\/wp-content\/uploads\/2023\/11\/Memoire_de_proposition1.png 1653w\" sizes=\"auto, (max-width: 724px) 100vw, 724px\" \/><button\n\t\t\tclass=\"lightbox-trigger\"\n\t\t\ttype=\"button\"\n\t\t\taria-haspopup=\"dialog\"\n\t\t\taria-label=\"Agrandir\"\n\t\t\tdata-wp-init=\"callbacks.initTriggerButton\"\n\t\t\tdata-wp-on--click=\"actions.showLightbox\"\n\t\t\tdata-wp-style--right=\"state.imageButtonRight\"\n\t\t\tdata-wp-style--top=\"state.imageButtonTop\"\n\t\t>\n\t\t\t<svg xmlns=\"http:\/\/www.w3.org\/2000\/svg\" width=\"12\" height=\"12\" fill=\"none\" viewBox=\"0 0 12 12\">\n\t\t\t\t<path fill=\"#fff\" d=\"M2 0a2 2 0 0 0-2 2v2h1.5V2a.5.5 0 0 1 .5-.5h2V0H2Zm2 10.5H2a.5.5 0 0 1-.5-.5V8H0v2a2 2 0 0 0 2 2h2v-1.5ZM8 12v-1.5h2a.5.5 0 0 0 .5-.5V8H12v2a2 2 0 0 1-2 2H8Zm2-12a2 2 0 0 1 2 2v2h-1.5V2a.5.5 0 0 0-.5-.5H8V0h2Z\" \/>\n\t\t\t<\/svg>\n\t\t<\/button><\/figure>\n\n\n\n<p class=\"has-text-color has-background has-medium-font-size\" style=\"color:#077ec2;background-color:#d1fc4e\"><strong>Pour t\u00e9l\u00e9charger le M\u00e9moire de proposition pour l&rsquo;attribution d&rsquo;une lettre de f\u00e9licitations ou d&rsquo;une M\u00e9daille de la Jeunesse, des Sports et de l&rsquo;Engagement Associatif. <\/strong><\/p>\n\n\n\n<p class=\"has-text-color has-background has-medium-font-size\" style=\"color:#077ec2;background-color:#d1fc4e\"><a href=\"http:\/\/www.cdmjsea95.org\/wp-content\/uploads\/2024\/12\/Memoire_de_proposition_MJSEA95.pdf\" target=\"_blank\" rel=\"noreferrer noopener\"><strong>CLIQUER ICI <\/strong>fichier (.pdf)<\/a><br><a href=\"http:\/\/www.cdmjsea95.org\/wp-content\/uploads\/2024\/07\/Memoire_de_proposition_MJSEA95.doc\" target=\"_blank\" rel=\"noreferrer noopener\"><strong>CLIQUER ICI <\/strong>fichier (.doc)<\/a> <\/p>\n\n\n\n<p><\/p>\n\n\n\n<h4 class=\"wp-block-heading has-text-align-center\"><strong>Historique de la m\u00e9daille<\/strong><\/h4>\n\n\n\n<p>Le&nbsp;<strong>4 mai 1929<\/strong>, par d\u00e9cret du&nbsp;<strong>Pr\u00e9sident de la R\u00e9publique M. Gaston Doumergue<\/strong>, \u00e9tait cr\u00e9\u00e9e la&nbsp;<strong>M\u00e9daille d&rsquo;Honneur de l&rsquo;Education Physique<\/strong>.<\/p>\n\n\n\n<p>A cette \u00e9poque, suite aux Jeux Olympiques initi\u00e9s en 1896 par Pierre de Coubertin, le sport prenait de plus en plus d&rsquo;importance; ce fait fut pris en compte par M. Gaston Roux, alors attach\u00e9 de cabinet de M. Henri Pat\u00e9, sous-secr\u00e9taire d&rsquo;Etat charg\u00e9 de l&rsquo;Education Physique, qui proposa la cr\u00e9ation d&rsquo;une m\u00e9daille&nbsp;<strong>destin\u00e9e \u00e0 r\u00e9compenser le d\u00e9vouement \u00e0 la cause sportive<\/strong>.<br>Le 4 mai, le d\u00e9cret \u00e9tait sign\u00e9 par le Pr\u00e9sident de la R\u00e9publique M. Doumergue et contresign\u00e9 par M. Pierre Parraud, ministre de l&rsquo;Instruction Publique et des Beaux-Arts. Il \u00e9tait suivi par un arr\u00eat\u00e9 d&rsquo;application en date du 7 mai, et la cr\u00e9ation de la m\u00e9daille d&rsquo;Honneur de l&rsquo;Education Physique paraissait au Journal Officiel le 3 ao\u00fbt 1929.<\/p>\n\n\n\n<p>A la fin de la guerre, en 1946, elle changeait de nom et s&rsquo;appelait&nbsp;<strong>M\u00e9daille de l&rsquo;Education Physique et des Sports<\/strong>, par d\u00e9cret du 27 novembre.<br>Le 3 d\u00e9cembre 1956, les d\u00e9marches d&rsquo;Henri Schumacher, premier pr\u00e9sident de&nbsp;<strong>l&rsquo;Association Nationale des M\u00e9daill\u00e9s de l&rsquo;Education Physique et des Sports&nbsp;<\/strong>(ANMEPS), association mise en place en 1951, aboutissent \u00e0 la cr\u00e9ation de&nbsp;<strong>l&rsquo;Ordre National du M\u00e9rite Sportif<\/strong>&nbsp;avec trois grades et l&rsquo;institution d&rsquo;une M\u00e9daille d&rsquo;Honneur de la Jeunesse et des Sports \u00e0 un seul grade.<\/p>\n\n\n\n<p>En 1963, le pr\u00e9sident de la R\u00e9publique Charles de Gaulle et son gouvernement d\u00e9cident la cr\u00e9ation de l&rsquo;Ordre National du M\u00e9rite et suppriment 17 Ordres dont l&rsquo;Ordre National du M\u00e9rite Sportif.<br>En 1969, la M\u00e9daille d&rsquo;Honneur de la Jeunesse et des Sports est remplac\u00e9e par la M\u00e9daille de la Jeunesse et des Sports avec trois \u00e9chelons :&nbsp;<strong>bronze, argent et or<\/strong>, les dur\u00e9es de services \u00e9tant fix\u00e9es \u00e0 8, 12 et 20 ans minimum (d\u00e9cret 69-942 du 14 octobre).<\/p>\n\n\n\n<p><strong>En 2013, le 18 d\u00e9cembre, le&nbsp;<\/strong><strong>D\u00e9cret n\u00b0 2013-1191&nbsp;modifie les caract\u00e9ristiques et les modalit\u00e9s d\u2019attribution de la m\u00e9daille de la jeunesse et des sports.<\/strong><\/p>\n\n\n\n<p><em>Le d\u00e9cret \u00e9largit le b\u00e9n\u00e9fice de la m\u00e9daille de la jeunesse et des sports au domaine de l\u2019engagement b\u00e9n\u00e9vole.<\/em><\/p>\n\n\n\n<p><em>La m\u00e9daille s\u2019appellera d\u00e9sormais&nbsp;<strong>\u00ab m\u00e9daille de la jeunesse, des sports et de l\u2019engagement<\/strong>&nbsp;<strong>associatif \u00bb<\/strong>.<\/em><\/p>\n\n\n\n<p><em>L\u2019anciennet\u00e9 n\u00e9cessaire pour obtenir les m\u00e9dailles de bronze, d\u2019argent et d\u2019or est en outre r\u00e9duite.<\/em><\/p>\n\n\n\n<p>La m\u00e9daille de la jeunesse, des sports et de l\u2019engagement associatif est d\u00e9cern\u00e9e aux personnes pour les services rendus ou d\u2019un engagement b\u00e9n\u00e9vole en faveur de l\u2019int\u00e9r\u00eat g\u00e9n\u00e9ral&nbsp;<\/p>\n\n\n","protected":false},"excerpt":{"rendered":"<p>La M\u00e9daille de la Jeunesse, des Sports et de l&rsquo;engagement associatif est destin\u00e9e \u00e0 r\u00e9compenser les personnes qui se sont distingu\u00e9es d\u2019une mani\u00e8re particuli\u00e8rement honorable au service : 3 \u00e9chelons&nbsp;: BRONZE \/ ARGENT \/ OR et Lettre de F\u00e9licitations. Proc\u00e9dure d&rsquo;obtention Le principe fondamental exige : que tout Membre d&rsquo;une Association Sportive ou non Sportive [&hellip;]<\/p>\n","protected":false},"author":1,"featured_media":0,"parent":0,"menu_order":0,"comment_status":"closed","ping_status":"closed","template":"","meta":{"footnotes":""},"class_list":["post-62","page","type-page","status-publish","hentry"],"_links":{"self":[{"href":"http:\/\/www.cdmjsea95.org\/index.php?rest_route=\/wp\/v2\/pages\/62","targetHints":{"allow":["GET"]}}],"collection":[{"href":"http:\/\/www.cdmjsea95.org\/index.php?rest_route=\/wp\/v2\/pages"}],"about":[{"href":"http:\/\/www.cdmjsea95.org\/index.php?rest_route=\/wp\/v2\/types\/page"}],"author":[{"embeddable":true,"href":"http:\/\/www.cdmjsea95.org\/index.php?rest_route=\/wp\/v2\/users\/1"}],"replies":[{"embeddable":true,"href":"http:\/\/www.cdmjsea95.org\/index.php?rest_route=%2Fwp%2Fv2%2Fcomments&post=62"}],"version-history":[{"count":87,"href":"http:\/\/www.cdmjsea95.org\/index.php?rest_route=\/wp\/v2\/pages\/62\/revisions"}],"predecessor-version":[{"id":1619,"href":"http:\/\/www.cdmjsea95.org\/index.php?rest_route=\/wp\/v2\/pages\/62\/revisions\/1619"}],"wp:attachment":[{"href":"http:\/\/www.cdmjsea95.org\/index.php?rest_route=%2Fwp%2Fv2%2Fmedia&parent=62"}],"curies":[{"name":"wp","href":"https:\/\/api.w.org\/{rel}","templated":true}]}}