{"id":78,"date":"2017-03-19T21:33:13","date_gmt":"2017-03-19T20:33:13","guid":{"rendered":"http:\/\/www.cdmjsea95.org\/?page_id=78"},"modified":"2022-01-11T21:16:52","modified_gmt":"2022-01-11T20:16:52","slug":"departementale","status":"publish","type":"page","link":"http:\/\/www.cdmjsea95.org\/?page_id=78","title":{"rendered":"D\u00e9partementale"},"content":{"rendered":"\n<h3 class=\"wp-block-heading\">Cercles des M\u00e9daill\u00e9s de la Jeunesse, des Sports et de l&rsquo;Engagement Associatif<\/h3>\n\n\n\n<p class=\"has-light-green-cyan-background-color has-background\"><strong>UN PEU D&rsquo;HISTOIRE<\/strong> <strong>SUR LES SECTEURS&#8230;&#8230;&#8230;CERCLES<\/strong><\/p>\n\n\n\n<p class=\"has-pale-cyan-blue-background-color has-background\">C&rsquo;est \u00e0 l&rsquo;Assembl\u00e9e G\u00e9n\u00e9rale du 5 f\u00e9vrier 1983 \u00e0 Gonesse que les secteurs sont cr\u00e9\u00e9s sous la pr\u00e9sidence de Serge Lecot.                           Il y en avait 8 : Argenteuil &#8211; Beaumont sur Oise &#8211; Cormeilles en Parisis &#8211; Eaubonne \u2013 Enghien \u2013 Franconville &#8211; Pontoise &#8211; Sarcelles. <\/p>\n\n\n\n<p class=\"has-pale-cyan-blue-background-color has-background\"> En 1989, le premier Cercle est cr\u00e9\u00e9 \u00e0  Eaubonne par M. BALDENWECK , avec l\u2019appui du Pr\u00e9sident  Jean BOUVELLE.                                         Actuellement appel\u00e9 : <strong>Cercle d&rsquo;Eaubonne et ses environs<\/strong><\/p>\n\n\n\n<p class=\"has-pale-cyan-blue-background-color has-background\">En 1990, 3 secteurs deviennent des Cercles : Franconville, Ecouen-Ezanville et <strong>Pontoise-Vexin<\/strong>. <\/p>\n\n\n\n<p class=\"has-pale-cyan-blue-background-color has-background\">En 1991, 2 nouveaux cercles, Deuil et <strong>Vieille France Sud<\/strong> sont cr\u00e9\u00e9s.<\/p>\n\n\n\n<p class=\"has-pale-cyan-blue-background-color has-background\">En 1994 Il est cr\u00e9\u00e9 \u00e0 l\u2019initiative de Jean-Paul BOUDEVILLE un septi\u00e8me Cercle,  celui de la Vall\u00e9e de l\u2019Oise, autour de Beaumont.<\/p>\n\n\n\n<p class=\"has-pale-cyan-blue-background-color has-background\">En 1995, le Cercle d\u2019Argenteuil est en sommeil et n\u2019a pas de responsable. Sur proposition de R\u00e9mi SAND, il est rattach\u00e9 au Cercle de Franconville qui devient \u00ab <strong>Cercle du Parisis<\/strong> \u00bb.<\/p>\n\n\n\n<p class=\"has-pale-cyan-blue-background-color has-background\">En 1999 est n\u00e9 le<strong> Cercle de la Plaine de France<\/strong><\/p>\n\n\n\n<figure class=\"wp-block-image\"><img decoding=\"async\" src=\"https:\/\/cercleeaubonne.sportsregions.fr\/media\/uploaded\/sites\/16978\/association\/5e6b9837931a3_LogoEaubonneetCommunesAvoisinantes.png\" alt=\"Logo\"\/><figcaption><a href=\"https:\/\/cercleeaubonne.sportsregions.fr\/\" target=\"_blank\" rel=\"noreferrer noopener\">https:\/\/cercleeaubonne.sportsregions.fr\/<\/a><\/figcaption><\/figure>\n\n\n\n<p> <\/p>\n\n\n\n<figure class=\"wp-block-image\"><img decoding=\"async\" src=\"https:\/\/cercleduparisis.sportsregions.fr\/media\/uploaded\/sites\/16329\/association\/602df188e954d_Sanstitre1copiebis.png\" alt=\"Logo\"\/><\/figure>\n\n\n\n<p><a href=\"https:\/\/cercleduparisis.sportsregions.fr\/\" target=\"_blank\" rel=\"noreferrer noopener\">https:\/\/cercleduparisis.sportsregions.fr\/<\/a><\/p>\n\n\n\n<p><strong>CERCLE DES M\u00c9DAILL\u00c9S VIEILLE FRANCE SUD<\/strong><br><a rel=\"noreferrer noopener\" aria-label=\"http:\/\/cevifs.e-monsite.com (s\u2019ouvre dans un nouvel onglet)\" href=\"http:\/\/cevifs.e-monsite.com\" target=\"_blank\">http:\/\/cevifs.e-monsite.com<\/a>  <\/p>\n\n\n\n<figure class=\"wp-block-image size-large\"><a href=\"https:\/\/cdos95.org\" target=\"_blank\" rel=\"noreferrer noopener\"><img loading=\"lazy\" decoding=\"async\" width=\"155\" height=\"156\" src=\"http:\/\/www.cdmjsea95.org\/wp-content\/uploads\/2020\/03\/image.png\" alt=\"\" class=\"wp-image-539\" srcset=\"http:\/\/www.cdmjsea95.org\/wp-content\/uploads\/2020\/03\/image.png 155w, http:\/\/www.cdmjsea95.org\/wp-content\/uploads\/2020\/03\/image-150x150.png 150w, http:\/\/www.cdmjsea95.org\/wp-content\/uploads\/2020\/03\/image-100x100.png 100w\" sizes=\"auto, (max-width: 155px) 100vw, 155px\" \/><\/a><\/figure>\n\n\n\n<figure class=\"wp-block-image is-resized\"><a href=\"https:\/\/valdoise.fr\" target=\"_blank\" rel=\"noreferrer noopener\"><img loading=\"lazy\" decoding=\"async\" src=\"https:\/\/www.valdoise.fr\/uploads\/Image\/bd\/SIT_CD95_945_SIT_CD95_595_logo-valdoise.png\" alt=\"Val d'Oise le d\u00e9partement - accueil\" width=\"200\" height=\"115\"\/><\/a><\/figure>\n","protected":false},"excerpt":{"rendered":"<p>Cercles des M\u00e9daill\u00e9s de la Jeunesse, des Sports et de l&rsquo;Engagement Associatif UN PEU D&rsquo;HISTOIRE SUR LES SECTEURS&#8230;&#8230;&#8230;CERCLES C&rsquo;est \u00e0 l&rsquo;Assembl\u00e9e G\u00e9n\u00e9rale du 5 f\u00e9vrier 1983 \u00e0 Gonesse que les secteurs sont cr\u00e9\u00e9s sous la pr\u00e9sidence de Serge Lecot. Il y en avait 8 : Argenteuil &#8211; Beaumont sur Oise &#8211; Cormeilles en Parisis &#8211; [&hellip;]<\/p>\n","protected":false},"author":1,"featured_media":0,"parent":0,"menu_order":0,"comment_status":"closed","ping_status":"closed","template":"","meta":{"footnotes":""},"class_list":["post-78","page","type-page","status-publish","hentry"],"_links":{"self":[{"href":"http:\/\/www.cdmjsea95.org\/index.php?rest_route=\/wp\/v2\/pages\/78","targetHints":{"allow":["GET"]}}],"collection":[{"href":"http:\/\/www.cdmjsea95.org\/index.php?rest_route=\/wp\/v2\/pages"}],"about":[{"href":"http:\/\/www.cdmjsea95.org\/index.php?rest_route=\/wp\/v2\/types\/page"}],"author":[{"embeddable":true,"href":"http:\/\/www.cdmjsea95.org\/index.php?rest_route=\/wp\/v2\/users\/1"}],"replies":[{"embeddable":true,"href":"http:\/\/www.cdmjsea95.org\/index.php?rest_route=%2Fwp%2Fv2%2Fcomments&post=78"}],"version-history":[{"count":25,"href":"http:\/\/www.cdmjsea95.org\/index.php?rest_route=\/wp\/v2\/pages\/78\/revisions"}],"predecessor-version":[{"id":704,"href":"http:\/\/www.cdmjsea95.org\/index.php?rest_route=\/wp\/v2\/pages\/78\/revisions\/704"}],"wp:attachment":[{"href":"http:\/\/www.cdmjsea95.org\/index.php?rest_route=%2Fwp%2Fv2%2Fmedia&parent=78"}],"curies":[{"name":"wp","href":"https:\/\/api.w.org\/{rel}","templated":true}]}}