{"id":23,"date":"2017-03-19T21:20:52","date_gmt":"2017-03-19T20:20:52","guid":{"rendered":"http:\/\/www.cdmjsea95.org\/?page_id=23"},"modified":"2025-06-01T16:26:08","modified_gmt":"2025-06-01T14:26:08","slug":"commissions","status":"publish","type":"page","link":"https:\/\/www.cdmjsea95.org\/?page_id=23","title":{"rendered":"Commissions"},"content":{"rendered":"\n<p>Des commissions ont \u00e9t\u00e9 mises en place.<\/p>\n\n\n\n<p><strong><a href=\"http:\/\/www.cdmjsea95.org\/wp-content\/uploads\/2025\/06\/2025-2028-Commissions.pdf\" target=\"_blank\" rel=\"noreferrer noopener\">Pour les d\u00e9couvrir cliquer ICI<\/a><\/strong><\/p>\n\n\n\n<p><\/p>\n","protected":false},"excerpt":{"rendered":"<p>Des commissions ont \u00e9t\u00e9 mises en place. Pour les d\u00e9couvrir cliquer ICI<\/p>\n","protected":false},"author":1,"featured_media":0,"parent":0,"menu_order":0,"comment_status":"closed","ping_status":"closed","template":"","meta":{"footnotes":""},"class_list":["post-23","page","type-page","status-publish","hentry"],"_links":{"self":[{"href":"https:\/\/www.cdmjsea95.org\/index.php?rest_route=\/wp\/v2\/pages\/23","targetHints":{"allow":["GET"]}}],"collection":[{"href":"https:\/\/www.cdmjsea95.org\/index.php?rest_route=\/wp\/v2\/pages"}],"about":[{"href":"https:\/\/www.cdmjsea95.org\/index.php?rest_route=\/wp\/v2\/types\/page"}],"author":[{"embeddable":true,"href":"https:\/\/www.cdmjsea95.org\/index.php?rest_route=\/wp\/v2\/users\/1"}],"replies":[{"embeddable":true,"href":"https:\/\/www.cdmjsea95.org\/index.php?rest_route=%2Fwp%2Fv2%2Fcomments&post=23"}],"version-history":[{"count":10,"href":"https:\/\/www.cdmjsea95.org\/index.php?rest_route=\/wp\/v2\/pages\/23\/revisions"}],"predecessor-version":[{"id":1512,"href":"https:\/\/www.cdmjsea95.org\/index.php?rest_route=\/wp\/v2\/pages\/23\/revisions\/1512"}],"wp:attachment":[{"href":"https:\/\/www.cdmjsea95.org\/index.php?rest_route=%2Fwp%2Fv2%2Fmedia&parent=23"}],"curies":[{"name":"wp","href":"https:\/\/api.w.org\/{rel}","templated":true}]}}