{"id":29,"date":"2017-03-19T21:21:58","date_gmt":"2017-03-19T20:21:58","guid":{"rendered":"http:\/\/www.cdmjsea95.org\/?page_id=29"},"modified":"2019-08-11T19:27:17","modified_gmt":"2019-08-11T17:27:17","slug":"objectif","status":"publish","type":"page","link":"https:\/\/www.cdmjsea95.org\/?page_id=29","title":{"rendered":"Objectif"},"content":{"rendered":"\n<p>L\u2019association, loi 1901, reconnue d\u2019utilit\u00e9 publique, est plac\u00e9e sous le haut patronage de Monsieur le Pr\u00e9sident de la R\u00e9publique et du Ministre de la  Jeunesse, des Sports et de la Vie Associative. Elle a pour but :       <\/p>\n\n\n\n<ul class=\"wp-block-list\"><li>De regrouper toutes les personnes titulaires d\u2019une distinction officielle d\u00e9cern\u00e9e par le ministre de la jeunesse, des sports et de la vie associative (ou distinctions ant\u00e9rieures) et les personnes reconnues et honor\u00e9es par la F\u00e9d\u00e9ration.<\/li><li>De maintenir et de d\u00e9velopper entre elles des liens de solidarit\u00e9 et d\u2019amiti\u00e9 ; d\u2019organiser l\u2019entraide et l\u2019assistance, principalement \u00e0 leur profit.<\/li><li>D\u2019 intervenir aupr\u00e8s des pouvoirs publics et des organismes sportifs, socio-\u00e9ducatifs et des mouvements d\u2019\u00e9ducation populaire pour appuyer toute action et tout projet en faveur de la jeunesse.<\/li><li>De soutenir toute action pour la valorisation du b\u00e9n\u00e9volat men\u00e9e dans le mouvement associatif de la jeunesse et des sports.<\/li><\/ul>\n","protected":false},"excerpt":{"rendered":"<p>L\u2019association, loi 1901, reconnue d\u2019utilit\u00e9 publique, est plac\u00e9e sous le haut patronage de Monsieur le Pr\u00e9sident de la R\u00e9publique et du Ministre de la Jeunesse, des Sports et de la Vie Associative. Elle a pour but : De regrouper toutes les personnes titulaires d\u2019une distinction officielle d\u00e9cern\u00e9e par le ministre de la jeunesse, des sports [&hellip;]<\/p>\n","protected":false},"author":1,"featured_media":0,"parent":0,"menu_order":0,"comment_status":"closed","ping_status":"closed","template":"","meta":{"footnotes":""},"class_list":["post-29","page","type-page","status-publish","hentry"],"_links":{"self":[{"href":"https:\/\/www.cdmjsea95.org\/index.php?rest_route=\/wp\/v2\/pages\/29","targetHints":{"allow":["GET"]}}],"collection":[{"href":"https:\/\/www.cdmjsea95.org\/index.php?rest_route=\/wp\/v2\/pages"}],"about":[{"href":"https:\/\/www.cdmjsea95.org\/index.php?rest_route=\/wp\/v2\/types\/page"}],"author":[{"embeddable":true,"href":"https:\/\/www.cdmjsea95.org\/index.php?rest_route=\/wp\/v2\/users\/1"}],"replies":[{"embeddable":true,"href":"https:\/\/www.cdmjsea95.org\/index.php?rest_route=%2Fwp%2Fv2%2Fcomments&post=29"}],"version-history":[{"count":3,"href":"https:\/\/www.cdmjsea95.org\/index.php?rest_route=\/wp\/v2\/pages\/29\/revisions"}],"predecessor-version":[{"id":358,"href":"https:\/\/www.cdmjsea95.org\/index.php?rest_route=\/wp\/v2\/pages\/29\/revisions\/358"}],"wp:attachment":[{"href":"https:\/\/www.cdmjsea95.org\/index.php?rest_route=%2Fwp%2Fv2%2Fmedia&parent=29"}],"curies":[{"name":"wp","href":"https:\/\/api.w.org\/{rel}","templated":true}]}}