{"id":32,"date":"2017-03-19T21:22:22","date_gmt":"2017-03-19T20:22:22","guid":{"rendered":"http:\/\/www.cdmjsea95.org\/?page_id=32"},"modified":"2017-07-03T12:03:12","modified_gmt":"2017-07-03T10:03:12","slug":"statuts","status":"publish","type":"page","link":"https:\/\/www.cdmjsea95.org\/?page_id=32","title":{"rendered":"Statuts"},"content":{"rendered":"<p>Statuts modifi\u00e9s du CDMJSEA95 et vot\u00e9s le 13 f\u00e9vrier 2016<\/p>\n<p>F\u00c9D\u00c9RATION FRAN\u00c7AISE des M\u00c9DAILLES de la JEUNESSE, des SPORTS et de l\u2019ENGAGEMENT ASSOCIATIF<\/p>\n<p><strong>Comit\u00e9 D\u00e9partemental du Val d\u2019Oise<\/strong><\/p>\n<p><strong>STATUTS<\/strong><\/p>\n<p><strong>\u00a0<\/strong><strong>\u00a0\u00a0\u00a0\u00a0\u00a0\u00a0\u00a0\u00a0\u00a0\u00a0\u00a0 TITRE I : Buts et composition du Comit\u00e9 D\u00e9partemental<\/strong>.<\/p>\n<p><strong>Article 1 : D\u00e9nomination\u00a0\u00a0\u00a0\u00a0 <\/strong><\/p>\n<p><strong>\u00a0<\/strong>\u00a0\u00a0\u00a0\u00a0\u00a0\u00a0\u00a0\u00a0\u00a0\u00a0\u00a0 \u00a0L &lsquo;Association dite, Comit\u00e9 D\u00e9partemental des M\u00e9daill\u00e9s de la Jeunesse, des Sports et de l\u2019Engagement Associatif du Val d&rsquo;Oise (Sigle CDMJSEA 95), est une d\u00e9centralisation de la F\u00e9d\u00e9ration Fran\u00e7aise des M\u00e9daill\u00e9s de la Jeunesse, des Sports et de l\u2019Engagement Associatif, reconnue d&rsquo;Utilit\u00e9 Publique le 9 juillet 1958. Le Comit\u00e9 est une association sans but lucratif selon la loi du 1<sup>er<\/sup> juillet 1901 et ses avenants.<\/p>\n<p>D\u00e9clar\u00e9e \u00e0 la Pr\u00e9fecture de CERGY PONTOISE le 20 avril 1976 sous le N\u00b0 5.861, publi\u00e9e au JO du 5 mai 1976&#8230;&#8230;.. <a href=\"http:\/\/www.cdmjsea95.org\/wp-content\/uploads\/2017\/03\/STATUTS-14-02-2016.pdf\" target=\"_blank\" rel=\"noopener\">(lire la suite)<\/a><\/p>\n","protected":false},"excerpt":{"rendered":"<p>Statuts modifi\u00e9s du CDMJSEA95 et vot\u00e9s le 13 f\u00e9vrier 2016 F\u00c9D\u00c9RATION FRAN\u00c7AISE des M\u00c9DAILLES de la JEUNESSE, des SPORTS et de l\u2019ENGAGEMENT ASSOCIATIF Comit\u00e9 D\u00e9partemental du Val d\u2019Oise STATUTS \u00a0\u00a0\u00a0\u00a0\u00a0\u00a0\u00a0\u00a0\u00a0\u00a0\u00a0\u00a0 TITRE I : Buts et composition du Comit\u00e9 D\u00e9partemental. Article 1 : D\u00e9nomination\u00a0\u00a0\u00a0\u00a0 \u00a0\u00a0\u00a0\u00a0\u00a0\u00a0\u00a0\u00a0\u00a0\u00a0\u00a0\u00a0 \u00a0L &lsquo;Association dite, Comit\u00e9 D\u00e9partemental des M\u00e9daill\u00e9s de la Jeunesse, des [&hellip;]<\/p>\n","protected":false},"author":1,"featured_media":0,"parent":0,"menu_order":0,"comment_status":"closed","ping_status":"closed","template":"","meta":{"footnotes":""},"class_list":["post-32","page","type-page","status-publish","hentry"],"_links":{"self":[{"href":"https:\/\/www.cdmjsea95.org\/index.php?rest_route=\/wp\/v2\/pages\/32","targetHints":{"allow":["GET"]}}],"collection":[{"href":"https:\/\/www.cdmjsea95.org\/index.php?rest_route=\/wp\/v2\/pages"}],"about":[{"href":"https:\/\/www.cdmjsea95.org\/index.php?rest_route=\/wp\/v2\/types\/page"}],"author":[{"embeddable":true,"href":"https:\/\/www.cdmjsea95.org\/index.php?rest_route=\/wp\/v2\/users\/1"}],"replies":[{"embeddable":true,"href":"https:\/\/www.cdmjsea95.org\/index.php?rest_route=%2Fwp%2Fv2%2Fcomments&post=32"}],"version-history":[{"count":4,"href":"https:\/\/www.cdmjsea95.org\/index.php?rest_route=\/wp\/v2\/pages\/32\/revisions"}],"predecessor-version":[{"id":132,"href":"https:\/\/www.cdmjsea95.org\/index.php?rest_route=\/wp\/v2\/pages\/32\/revisions\/132"}],"wp:attachment":[{"href":"https:\/\/www.cdmjsea95.org\/index.php?rest_route=%2Fwp%2Fv2%2Fmedia&parent=32"}],"curies":[{"name":"wp","href":"https:\/\/api.w.org\/{rel}","templated":true}]}}