{"id":56,"date":"2017-03-19T21:30:24","date_gmt":"2017-03-19T20:30:24","guid":{"rendered":"http:\/\/www.cdmjsea95.org\/?page_id=56"},"modified":"2019-11-30T16:10:31","modified_gmt":"2019-11-30T15:10:31","slug":"structures","status":"publish","type":"page","link":"https:\/\/www.cdmjsea95.org\/?page_id=56","title":{"rendered":"STRUCTURES"},"content":{"rendered":"\n<p>3 cat\u00e9gories de structures:<\/p>\n\n\n\n<ul class=\"wp-block-list\"><li>Nationale<\/li><li>R\u00e9gionale<\/li><li>D\u00e9partementale<\/li><\/ul>\n\n\n\n<p><\/p>\n","protected":false},"excerpt":{"rendered":"<p>3 cat\u00e9gories de structures: Nationale R\u00e9gionale D\u00e9partementale<\/p>\n","protected":false},"author":1,"featured_media":0,"parent":0,"menu_order":6,"comment_status":"closed","ping_status":"closed","template":"","meta":{"footnotes":""},"class_list":["post-56","page","type-page","status-publish","hentry"],"_links":{"self":[{"href":"https:\/\/www.cdmjsea95.org\/index.php?rest_route=\/wp\/v2\/pages\/56","targetHints":{"allow":["GET"]}}],"collection":[{"href":"https:\/\/www.cdmjsea95.org\/index.php?rest_route=\/wp\/v2\/pages"}],"about":[{"href":"https:\/\/www.cdmjsea95.org\/index.php?rest_route=\/wp\/v2\/types\/page"}],"author":[{"embeddable":true,"href":"https:\/\/www.cdmjsea95.org\/index.php?rest_route=\/wp\/v2\/users\/1"}],"replies":[{"embeddable":true,"href":"https:\/\/www.cdmjsea95.org\/index.php?rest_route=%2Fwp%2Fv2%2Fcomments&post=56"}],"version-history":[{"count":2,"href":"https:\/\/www.cdmjsea95.org\/index.php?rest_route=\/wp\/v2\/pages\/56\/revisions"}],"predecessor-version":[{"id":467,"href":"https:\/\/www.cdmjsea95.org\/index.php?rest_route=\/wp\/v2\/pages\/56\/revisions\/467"}],"wp:attachment":[{"href":"https:\/\/www.cdmjsea95.org\/index.php?rest_route=%2Fwp%2Fv2%2Fmedia&parent=56"}],"curies":[{"name":"wp","href":"https:\/\/api.w.org\/{rel}","templated":true}]}}