{"id":68,"date":"2017-03-19T21:32:06","date_gmt":"2017-03-19T20:32:06","guid":{"rendered":"http:\/\/www.cdmjsea95.org\/?page_id=68"},"modified":"2017-10-16T19:24:26","modified_gmt":"2017-10-16T17:24:26","slug":"flammes","status":"publish","type":"page","link":"https:\/\/www.cdmjsea95.org\/?page_id=68","title":{"rendered":"Flamme"},"content":{"rendered":"<h2>16\u00e8me \u00a0C\u00e9r\u00e9monie des flammes<\/h2>\n<p style=\"padding-left: 30px;\">R\u00e8glement des Flammes 2017\u00a0<a href=\"http:\/\/www.cdmjsea95.org\/wp-content\/uploads\/2017\/03\/R\u00e8glement-de-la-FLAMME-2017doc.pdf\">cliquer ici<\/a><\/p>\n<p style=\"padding-left: 30px;\">Proposition de dossier de candidature \u00a0<a href=\"http:\/\/www.cdmjsea95.org\/wp-content\/uploads\/2017\/03\/Propo.-Dossier-de-candidature-2017.pdf\">cliquer ici<\/a><\/p>\n<p style=\"padding-left: 30px;\">Dossier de candidature du plateau du b\u00e9n\u00e9volat <a href=\"http:\/\/www.cdmjsea95.org\/wp-content\/uploads\/2017\/03\/Plateau-du-B\u00e9nevole-2017.pdf\">cliquer ici<\/a><\/p>\n<h2><\/h2>\n<p>&nbsp;<\/p>\n<p><strong>Pour m\u00e9moire<\/strong><\/p>\n<h2><strong>15\u00e8me C\u00e9r\u00e9monie des Flammes<\/strong><\/h2>\n<p><img loading=\"lazy\" decoding=\"async\" class=\"wp-image-151 alignright\" src=\"http:\/\/www.cdmjsea95.org\/wp-content\/uploads\/2017\/03\/ffa-aviron-guylaine-marchand-sportif__20160525172806.jpg\" alt=\"\" width=\"177\" height=\"177\" srcset=\"https:\/\/www.cdmjsea95.org\/wp-content\/uploads\/2017\/03\/ffa-aviron-guylaine-marchand-sportif__20160525172806.jpg 300w, https:\/\/www.cdmjsea95.org\/wp-content\/uploads\/2017\/03\/ffa-aviron-guylaine-marchand-sportif__20160525172806-150x150.jpg 150w, https:\/\/www.cdmjsea95.org\/wp-content\/uploads\/2017\/03\/ffa-aviron-guylaine-marchand-sportif__20160525172806-100x100.jpg 100w\" sizes=\"auto, (max-width: 177px) 100vw, 177px\" \/><\/p>\n<p>Promotion \u00a0\u00bb Guylaine MARCHAND\u00a0\u00bb<br \/>\nVendredi 9 d\u00e9cembre 2016<br \/>\ndans le salon d&rsquo;honneur de la Pr\u00e9fecture du val d&rsquo;Oise<br \/>\nCergy Pontoise<\/p>\n<pre><strong>Guylaine MARCHAND<\/strong>\r\n\r\n\r\nConseill\u00e8re patrimoniale dans\u00a0une agence immobili\u00e8re\r\nMari\u00e9e, 2 enfants\r\nProbl\u00e8me de mobilit\u00e9 de la hanche gauche suite \u00e0 une maladie<img loading=\"lazy\" decoding=\"async\" class=\"size-medium wp-image-146 aligncenter\" src=\"http:\/\/www.cdmjsea95.org\/wp-content\/uploads\/2017\/03\/284381_231733083525498_4961771_n-225x300.jpg\" alt=\"\" width=\"225\" height=\"300\" srcset=\"https:\/\/www.cdmjsea95.org\/wp-content\/uploads\/2017\/03\/284381_231733083525498_4961771_n-225x300.jpg 225w, https:\/\/www.cdmjsea95.org\/wp-content\/uploads\/2017\/03\/284381_231733083525498_4961771_n.jpg 540w\" sizes=\"auto, (max-width: 225px) 100vw, 225px\" \/><img loading=\"lazy\" decoding=\"async\" class=\"size-medium wp-image-147 aligncenter\" src=\"http:\/\/www.cdmjsea95.org\/wp-content\/uploads\/2017\/03\/11143496_988061704559295_8187459094622200349_n-199x300.jpg\" alt=\"\" width=\"199\" height=\"300\" srcset=\"https:\/\/www.cdmjsea95.org\/wp-content\/uploads\/2017\/03\/11143496_988061704559295_8187459094622200349_n-199x300.jpg 199w, https:\/\/www.cdmjsea95.org\/wp-content\/uploads\/2017\/03\/11143496_988061704559295_8187459094622200349_n.jpg 636w\" sizes=\"auto, (max-width: 199px) 100vw, 199px\" \/> <img loading=\"lazy\" decoding=\"async\" class=\"size-medium wp-image-148 alignright\" src=\"http:\/\/www.cdmjsea95.org\/wp-content\/uploads\/2017\/03\/11221823_1029752047056927_7043826177461496818-263x300.jpg\" alt=\"\" width=\"263\" height=\"300\" srcset=\"https:\/\/www.cdmjsea95.org\/wp-content\/uploads\/2017\/03\/11221823_1029752047056927_7043826177461496818-263x300.jpg 263w, https:\/\/www.cdmjsea95.org\/wp-content\/uploads\/2017\/03\/11221823_1029752047056927_7043826177461496818.jpg 610w\" sizes=\"auto, (max-width: 263px) 100vw, 263px\" \/><\/pre>\n<pre><strong>En 2011<\/strong>\r\n\u00a0int\u00e8gre le Club d\u2019aviron de Beaumont sur Oise apr\u00e8s 6 ans d\u2019arr\u00eat \r\n\r\n<strong>En 2013<\/strong>\r\n2\u00e8me au championnat de France\r\nsur un rameur en salle\r\nInt\u00e8gre l\u2019\u00e9quipe de France\r\n\r\n<strong>2014 Amsterdam<\/strong>\r\nDouble Mixte\r\nChampionnats du monde d\u2019AVIRON\r\nM\u00e9daille de Bronze\r\n\r\n<strong>2015 Aiguebelette\r\n<\/strong>Bateau 4 Barr\u00e9 mixte\r\nChampionnats du monde d\u2019AVIRON\r\n8\u00e8me<\/pre>\n<p>&nbsp;<\/p>\n<pre><strong>2016 Rotterdam<\/strong>\r\nDouble Mixte\r\nChampionnats du monde d\u2019AVIRON\r\n<strong>M\u00e9daille d\u2019OR<\/strong><\/pre>\n<pre style=\"font-size: 16px;\"><img loading=\"lazy\" decoding=\"async\" class=\"size-medium wp-image-149 aligncenter\" src=\"http:\/\/www.cdmjsea95.org\/wp-content\/uploads\/2017\/03\/14088567_1234712989894164_8997295218501623181_n-300x300.jpg\" alt=\"\" width=\"300\" height=\"300\" srcset=\"https:\/\/www.cdmjsea95.org\/wp-content\/uploads\/2017\/03\/14088567_1234712989894164_8997295218501623181_n-300x300.jpg 300w, https:\/\/www.cdmjsea95.org\/wp-content\/uploads\/2017\/03\/14088567_1234712989894164_8997295218501623181_n-150x150.jpg 150w, https:\/\/www.cdmjsea95.org\/wp-content\/uploads\/2017\/03\/14088567_1234712989894164_8997295218501623181_n-100x100.jpg 100w, https:\/\/www.cdmjsea95.org\/wp-content\/uploads\/2017\/03\/14088567_1234712989894164_8997295218501623181_n.jpg 599w\" sizes=\"auto, (max-width: 300px) 100vw, 300px\" \/><img loading=\"lazy\" decoding=\"async\" class=\"alignnone size-medium wp-image-155\" src=\"http:\/\/www.cdmjsea95.org\/wp-content\/uploads\/2017\/07\/ACDH_IMG_2e8122a9530-300x200.jpg\" alt=\"\" width=\"300\" height=\"200\" srcset=\"https:\/\/www.cdmjsea95.org\/wp-content\/uploads\/2017\/07\/ACDH_IMG_2e8122a9530-300x200.jpg 300w, https:\/\/www.cdmjsea95.org\/wp-content\/uploads\/2017\/07\/ACDH_IMG_2e8122a9530-768x512.jpg 768w, https:\/\/www.cdmjsea95.org\/wp-content\/uploads\/2017\/07\/ACDH_IMG_2e8122a9530.jpg 800w\" sizes=\"auto, (max-width: 300px) 100vw, 300px\" \/><\/pre>\n<pre><strong>Jeux Paralympiques de Rio 2016\r\n\r\n<\/strong><img loading=\"lazy\" decoding=\"async\" class=\"wp-image-159 aligncenter\" style=\"font-size: 1.6rem;\" src=\"http:\/\/www.cdmjsea95.org\/wp-content\/uploads\/2017\/03\/ffa-aviron-actualite-jeux-paralympiques-repechages-quelques-regrets__20160910221058-300x136.jpg\" alt=\"\" width=\"342\" height=\"155\" srcset=\"https:\/\/www.cdmjsea95.org\/wp-content\/uploads\/2017\/03\/ffa-aviron-actualite-jeux-paralympiques-repechages-quelques-regrets__20160910221058-300x136.jpg 300w, https:\/\/www.cdmjsea95.org\/wp-content\/uploads\/2017\/03\/ffa-aviron-actualite-jeux-paralympiques-repechages-quelques-regrets__20160910221058-768x349.jpg 768w, https:\/\/www.cdmjsea95.org\/wp-content\/uploads\/2017\/03\/ffa-aviron-actualite-jeux-paralympiques-repechages-quelques-regrets__20160910221058.jpg 990w\" sizes=\"auto, (max-width: 342px) 100vw, 342px\" \/><\/pre>\n<pre style=\"font-size: 16px;\"><span style=\"font-size: 1.6rem;\"><img loading=\"lazy\" decoding=\"async\" class=\"wp-image-156 alignleft\" src=\"http:\/\/www.cdmjsea95.org\/wp-content\/uploads\/2017\/07\/ffa-aviron-actualite-guylaine-marchand-celine-aubert-equipe-de-france-paralympique-rio-2016__20160825164926-300x136.jpg\" alt=\"\" width=\"382\" height=\"173\" srcset=\"https:\/\/www.cdmjsea95.org\/wp-content\/uploads\/2017\/07\/ffa-aviron-actualite-guylaine-marchand-celine-aubert-equipe-de-france-paralympique-rio-2016__20160825164926-300x136.jpg 300w, https:\/\/www.cdmjsea95.org\/wp-content\/uploads\/2017\/07\/ffa-aviron-actualite-guylaine-marchand-celine-aubert-equipe-de-france-paralympique-rio-2016__20160825164926-768x349.jpg 768w, https:\/\/www.cdmjsea95.org\/wp-content\/uploads\/2017\/07\/ffa-aviron-actualite-guylaine-marchand-celine-aubert-equipe-de-france-paralympique-rio-2016__20160825164926.jpg 990w\" sizes=\"auto, (max-width: 382px) 100vw, 382px\" \/><\/span><\/pre>\n<pre style=\"font-size: 16px;\"><img loading=\"lazy\" decoding=\"async\" class=\"wp-image-157 alignright\" src=\"http:\/\/www.cdmjsea95.org\/wp-content\/uploads\/2017\/07\/ffa-aviron-equipe-de-france-paralympique-rio-2016-remy-taranto-antoine-jesel-anne-laure-frappart-celine-aubert-quatre-barre-jambes-tronc-bras-tamix4-2__20160803114908-300x127.jpg\" alt=\"\" width=\"434\" height=\"184\" srcset=\"https:\/\/www.cdmjsea95.org\/wp-content\/uploads\/2017\/07\/ffa-aviron-equipe-de-france-paralympique-rio-2016-remy-taranto-antoine-jesel-anne-laure-frappart-celine-aubert-quatre-barre-jambes-tronc-bras-tamix4-2__20160803114908-300x127.jpg 300w, https:\/\/www.cdmjsea95.org\/wp-content\/uploads\/2017\/07\/ffa-aviron-equipe-de-france-paralympique-rio-2016-remy-taranto-antoine-jesel-anne-laure-frappart-celine-aubert-quatre-barre-jambes-tronc-bras-tamix4-2__20160803114908.jpg 330w\" sizes=\"auto, (max-width: 434px) 100vw, 434px\" \/><\/pre>\n<pre style=\"font-size: 16px;\"><img loading=\"lazy\" decoding=\"async\" class=\"alignleft wp-image-150 \" style=\"color: #555555; font-family: Georgia, Cambria, 'Bitstream Charter', serif; white-space: normal; background-color: #ffffff;\" src=\"http:\/\/www.cdmjsea95.org\/wp-content\/uploads\/2017\/03\/14329928_1255027434529386_8780094833979286774_n-300x169.jpg\" alt=\"\" width=\"421\" height=\"237\" srcset=\"https:\/\/www.cdmjsea95.org\/wp-content\/uploads\/2017\/03\/14329928_1255027434529386_8780094833979286774_n-300x169.jpg 300w, https:\/\/www.cdmjsea95.org\/wp-content\/uploads\/2017\/03\/14329928_1255027434529386_8780094833979286774_n-768x432.jpg 768w, https:\/\/www.cdmjsea95.org\/wp-content\/uploads\/2017\/03\/14329928_1255027434529386_8780094833979286774_n.jpg 960w\" sizes=\"auto, (max-width: 421px) 100vw, 421px\" \/><\/pre>\n<pre style=\"font-size: 16px;\"><img loading=\"lazy\" decoding=\"async\" class=\" wp-image-144 alignright\" src=\"http:\/\/www.cdmjsea95.org\/wp-content\/uploads\/2017\/03\/126028_12-LG-SD-300x169.jpg\" alt=\"\" width=\"384\" height=\"216\" srcset=\"https:\/\/www.cdmjsea95.org\/wp-content\/uploads\/2017\/03\/126028_12-LG-SD-300x169.jpg 300w, https:\/\/www.cdmjsea95.org\/wp-content\/uploads\/2017\/03\/126028_12-LG-SD-768x432.jpg 768w, https:\/\/www.cdmjsea95.org\/wp-content\/uploads\/2017\/03\/126028_12-LG-SD-1024x576.jpg 1024w, https:\/\/www.cdmjsea95.org\/wp-content\/uploads\/2017\/03\/126028_12-LG-SD.jpg 1140w\" sizes=\"auto, (max-width: 384px) 100vw, 384px\" \/><span style=\"font-size: 1.6rem;\">Bateau 4 Barr\u00e9 mixte <\/span>8\u00e8me<\/pre>\n","protected":false},"excerpt":{"rendered":"<p>16\u00e8me \u00a0C\u00e9r\u00e9monie des flammes R\u00e8glement des Flammes 2017\u00a0cliquer ici Proposition de dossier de candidature \u00a0cliquer ici Dossier de candidature du plateau du b\u00e9n\u00e9volat cliquer ici &nbsp; Pour m\u00e9moire 15\u00e8me C\u00e9r\u00e9monie des Flammes Promotion \u00a0\u00bb Guylaine MARCHAND\u00a0\u00bb Vendredi 9 d\u00e9cembre 2016 dans le salon d&rsquo;honneur de la Pr\u00e9fecture du val d&rsquo;Oise Cergy Pontoise Guylaine MARCHAND Conseill\u00e8re [&hellip;]<\/p>\n","protected":false},"author":1,"featured_media":142,"parent":50,"menu_order":0,"comment_status":"closed","ping_status":"closed","template":"","meta":{"footnotes":""},"class_list":["post-68","page","type-page","status-publish","has-post-thumbnail","hentry"],"_links":{"self":[{"href":"https:\/\/www.cdmjsea95.org\/index.php?rest_route=\/wp\/v2\/pages\/68","targetHints":{"allow":["GET"]}}],"collection":[{"href":"https:\/\/www.cdmjsea95.org\/index.php?rest_route=\/wp\/v2\/pages"}],"about":[{"href":"https:\/\/www.cdmjsea95.org\/index.php?rest_route=\/wp\/v2\/types\/page"}],"author":[{"embeddable":true,"href":"https:\/\/www.cdmjsea95.org\/index.php?rest_route=\/wp\/v2\/users\/1"}],"replies":[{"embeddable":true,"href":"https:\/\/www.cdmjsea95.org\/index.php?rest_route=%2Fwp%2Fv2%2Fcomments&post=68"}],"version-history":[{"count":15,"href":"https:\/\/www.cdmjsea95.org\/index.php?rest_route=\/wp\/v2\/pages\/68\/revisions"}],"predecessor-version":[{"id":180,"href":"https:\/\/www.cdmjsea95.org\/index.php?rest_route=\/wp\/v2\/pages\/68\/revisions\/180"}],"up":[{"embeddable":true,"href":"https:\/\/www.cdmjsea95.org\/index.php?rest_route=\/wp\/v2\/pages\/50"}],"wp:featuredmedia":[{"embeddable":true,"href":"https:\/\/www.cdmjsea95.org\/index.php?rest_route=\/wp\/v2\/media\/142"}],"wp:attachment":[{"href":"https:\/\/www.cdmjsea95.org\/index.php?rest_route=%2Fwp%2Fv2%2Fmedia&parent=68"}],"curies":[{"name":"wp","href":"https:\/\/api.w.org\/{rel}","templated":true}]}}